{"id":4884,"date":"2019-05-28T15:33:12","date_gmt":"2019-05-28T20:33:12","guid":{"rendered":"https:\/\/jardinlospicapiedra.edu.co\/web\/?page_id=4884"},"modified":"2019-07-26T14:44:53","modified_gmt":"2019-07-26T19:44:53","slug":"actividades","status":"publish","type":"page","link":"https:\/\/jardinlospicapiedra.edu.co\/web\/actividades\/","title":{"rendered":"Actividades"},"content":{"rendered":"<div class=\"wpb-content-wrapper\"><p>[vc_row][vc_column][vc_empty_space height=&#8221;100px&#8221;][\/vc_column][\/vc_row][vc_row][vc_column offset=&#8221;vc_col-lg-7 vc_col-md-7&#8243;]\t\t\r\n\t\t<div class=\"jws-event  tpl3\">\r\n\t\t\t<div class=\"row\">\r\n\t\t\t\r\n\t\t\t\t<div class=\"col-md-12 col-sm-12 col-xs-12 text-center col-left\">\r\n\t\t\t\t\t<h1>PR\u00d3XIMO EVENTO : Inauguraci\u00f3n interclases: <\/h1>\r\n\t\t\t\t\t<div class=\"jws-event-content\">\r\n\t\t\t\t\t\t<h6 style=\"color: #666666; font-family: Dosis; font-size: 18px; margin-bottom: 15px;\">24\/08\/2019<\/h6>\n<p>Tenemos preparadas\u00a0 grandes sorpresas para este d\u00eda, no te lo puedes perder.<\/p>\n\t\t\t\t\t<\/div>\r\n\t\t\t\t\t\r\n\t\t\t\t\t<div class=\"jws-countdown-js\" data-countdown=\"2019\/08\/24\">Countdown Element<\/div>\r\n\t\t\t\t\t\t\t\t\t<\/div>\r\n\t\t\t\t<div class=\"col-md-12 col-sm-12 col-xs-12 text-center\">\r\n\t\t\t\t\t\t\t\t <\/div>\r\n\t\t\t<\/div>\r\n\t\t\t\r\n\t\t\t\r\n\t\t<\/div>\r\n\t\t<div class=\"clear\"><\/div>\r\n    [\/vc_column][vc_column offset=&#8221;vc_col-lg-5 vc_col-md-5&#8243;][vc_single_image image=&#8221;4414&#8243; img_size=&#8221;full&#8221; alignment=&#8221;center&#8221; css_animation=&#8221;fadeInRight&#8221;][\/vc_column][\/vc_row][vc_row css=&#8221;.vc_custom_1564170163603{margin-top: 60px !important;}&#8221;][vc_column offset=&#8221;vc_col-lg-7 vc_col-md-7&#8243;]\t\t\r\n\t\t<div class=\"jws-event  tpl3\">\r\n\t\t\t<div class=\"row\">\r\n\t\t\t\r\n\t\t\t\t<div class=\"col-md-12 col-sm-12 col-xs-12 text-center col-left\">\r\n\t\t\t\t\t<h1>Semana cultural del 26 al 29 agosto <\/h1>\r\n\t\t\t\t\t<div class=\"jws-event-content\">\r\n\t\t\t\t\t\t<h6 style=\"color: #666666; font-family: Dosis; font-size: 18px; margin-bottom: 15px;\">26\/08\/2019 -29\/08\/2019<\/h6>\n<p>Tenemos preparadas\u00a0 grandes sorpresas para este d\u00eda, no te lo puedes perder.<\/p>\n\t\t\t\t\t<\/div>\r\n\t\t\t\t\t\r\n\t\t\t\t\t<div class=\"jws-countdown-js\" data-countdown=\"2019\/08\/26\">Countdown Element<\/div>\r\n\t\t\t\t\t\t\t\t\t<\/div>\r\n\t\t\t\t<div class=\"col-md-12 col-sm-12 col-xs-12 text-center\">\r\n\t\t\t\t\t\t\t\t <\/div>\r\n\t\t\t<\/div>\r\n\t\t\t\r\n\t\t\t\r\n\t\t<\/div>\r\n\t\t<div class=\"clear\"><\/div>\r\n    [\/vc_column][vc_column offset=&#8221;vc_col-lg-5 vc_col-md-5&#8243;][vc_single_image image=&#8221;4506&#8243; img_size=&#8221;full&#8221; alignment=&#8221;center&#8221; css_animation=&#8221;fadeInRight&#8221;][\/vc_column][\/vc_row][vc_row][vc_column][vc_empty_space height=&#8221;100px&#8221;][vc_column_text]<\/p>\n<h1 style=\"text-align: center;\"><strong>Actividades Picapiedra<\/strong><\/h1>\n<p>[\/vc_column_text][vc_tta_tour style=&#8221;modern&#8221; color=&#8221;peacoc&#8221; gap=&#8221;1&#8243; active_section=&#8221;1&#8243; no_fill_content_area=&#8221;true&#8221;][vc_tta_section title=&#8221;Gobierno Escolar&#8221; tab_id=&#8221;1559076197456-bdb64f4f-c502&#8243;][vc_column_text]El d\u00eda de la elecci\u00f3n los ni\u00f1os y ni\u00f1as del jard\u00edn viven una ma\u00f1ana democr\u00e1tica en donde libremente votan por los candidatos que llenan sus expectativas[\/vc_column_text][\/vc_tta_section][vc_tta_section title=&#8221;Salidas Pedag\u00f3gicas&#8221; tab_id=&#8221;1559076197467-fc643e32-efd3&#8243;][vc_column_text]Como apoyo al Proyecto Pedag\u00f3gico que est\u00e1n viendo en el momento, se organizan visitas a lugares relacionados con el tema que est\u00e1n investigando los ni\u00f1os con la orientaci\u00f3n de la maestra. Pueden ser supermercados, granjas, helader\u00edas, parques y diferentes industrias que se encuentren en la ciudad.[\/vc_column_text][\/vc_tta_section][vc_tta_section title=&#8221;Personaje o L\u00edder de la Semana&#8221; tab_id=&#8221;1559076338854-2c1c5f57-2ab5&#8243;][vc_column_text]Cada semana es escogido por la maestra y por sus compa\u00f1eritos un amiguito del sal\u00f3n, quien ser\u00e1 nombrado el Personaje de la Semana. Esta elecci\u00f3n se hace por m\u00e9ritos, por logros y avances del peque\u00f1o, destacando sus virtudes y cambios muy positivos en su comportamiento, como por ejemplo: el m\u00e1s responsable con sus deberes escolares, el que dej\u00f3 de pelear, el que dej\u00f3 el pa\u00f1al, el que comparte con sus amiguitos, el m\u00e1s obediente, el ordenado, etc.[\/vc_column_text][\/vc_tta_section][vc_tta_section title=&#8221;Cajitas Sorpresa&#8221; tab_id=&#8221;1559076403359-79114f75-db33&#8243;][vc_column_text]Buscando modificar el comportamiento de los ni\u00f1os se emplea como estrategia la \u201cEconom\u00eda de Fichas\u201d, la cual es presentada como un juego que busca reunir caritas felices y ganar un premio que escoger\u00e1 en la Cajita de Sorpresa.[\/vc_column_text][\/vc_tta_section][vc_tta_section title=&#8221;Izadas de Bandera&#8221; tab_id=&#8221;1559076412901-20644f1b-2d09&#8243;][vc_column_text]Se premia con un BOT\u00d3N especial y la banderita los ni\u00f1os destacados del periodo acad\u00e9mico.[\/vc_column_text][\/vc_tta_section][vc_tta_section title=&#8221;Pijamada&#8221; tab_id=&#8221;1559076413925-12bd54a9-438e&#8221;][vc_column_text]se realizan dos al a\u00f1o, los ni\u00f1os vienen en la noche en pijama para compartir juegos, cuentos, y pasar una noche llena de fantas\u00eda e imaginaci\u00f3n[\/vc_column_text][\/vc_tta_section][vc_tta_section title=&#8221;Escuela de Padres&#8221; tab_id=&#8221;1559076414645-7a1717ec-6750&#8243;][vc_column_text]Se celebran cuatro al a\u00f1o para alimentar el coraz\u00f3n de los padres en asuntos relacionados con la educaci\u00f3n de los ni\u00f1os de 1 a 5 a\u00f1os[\/vc_column_text][\/vc_tta_section][vc_tta_section title=&#8221;Dia del Dulce&#8221; tab_id=&#8221;1559076432656-1ea2cab2-a250&#8243;][vc_column_text]Celebramos una fiesta de fantas\u00eda todos con disfraz.[\/vc_column_text][\/vc_tta_section][vc_tta_section title=&#8221;Semana del Ahorro&#8221; tab_id=&#8221;1559076433478-a1ef127a-274e&#8221;][vc_column_text]El objetivo es que los ni\u00f1os ahorren por una semana y con este dinero compramos los regalos y la fiesta del d\u00eda dulce[\/vc_column_text][\/vc_tta_section][vc_tta_section title=&#8221;Proyecto Lector&#8221; tab_id=&#8221;1559076434117-f174ae69-529f&#8221;][vc_column_text]Trabajamos cada semana un cuento diferente donde se realizan diversas actividades l\u00fadicas para mejorar el proceso lectoescritura e Invitamos a los padres de familia se presente con su hijo(a) y adquiera prestado un libro o cuento infantil en la biblioteca del Jard\u00edn con el carnet estudiantil.[\/vc_column_text][\/vc_tta_section][\/vc_tta_tour][\/vc_column][\/vc_row][vc_row][vc_column][vc_empty_space height=&#8221;100px&#8221;][\/vc_column][\/vc_row][vc_row css=&#8221;.vc_custom_1559080444469{background-image: url(https:\/\/jardinlospicapiedra.edu.co\/web\/wp-content\/uploads\/2017\/12\/slidertc.jpg?id=4409) !important;}&#8221;][vc_column][vc_empty_space height=&#8221;92px&#8221;][vc_column_text]<\/p>\n<h2 style=\"text-align: center;\">E<strong>ventos Especiales<\/strong><\/h2>\n<p>[\/vc_column_text][vc_row_inner][vc_column_inner width=&#8221;1\/3&#8243;]\t\t<div class=\"tb-service-wrap \">\r\n\t\t\r\n\t\t\t\t\t\t\t\t<div class=\"tb-service text-center tpl2\">\r\n\t\t\t\t\t\r\n\t\t\t\t\t\t\t\t\t\t\t\t<div class=\"tb-icon\">\r\n\t\t\t\t\t\t\t<i class=\"fa fa-sign-language\"><\/i>\r\n\t\t\t\t\t\t<\/div>\r\n\t\t\t\t\t\t\t\t\t\t\t\t<h3 class=\"tb-title\">\r\n\t\t\t\t\t\t<span class=\"tb-title\">Semana Cultural Picapiedra<\/span>\t\t\t\t\t\t<\/h3>\r\n\t\t\t\t\t\t<div class=\"tb-content\"><p>Durante una semana del a\u00f1o escolar se organiza la tan esperada Semana Cultural, en donde los ni\u00f1os disfrutan cada d\u00eda de diversas actividades art\u00edsticas, deportivas y culturales. A estas actividades se invita a toda la comunidad educativa como tambi\u00e9n a ni\u00f1os de otros jardines.<\/p>\n<\/div>\t\t\t\t\t<\/div>\r\n\t\t\t\t\t<\/div>\r\n\t\t\r\n    [\/vc_column_inner][vc_column_inner width=&#8221;1\/3&#8243;]\t\t<div class=\"tb-service-wrap \">\r\n\t\t\r\n\t\t\t\t\t\t\t\t<div class=\"tb-service text-center tpl2\">\r\n\t\t\t\t\t\r\n\t\t\t\t\t\t\t\t\t\t\t\t<div class=\"tb-icon\">\r\n\t\t\t\t\t\t\t<i class=\"fa fa-users\"><\/i>\r\n\t\t\t\t\t\t<\/div>\r\n\t\t\t\t\t\t\t\t\t\t\t\t<h3 class=\"tb-title\">\r\n\t\t\t\t\t\t<span class=\"tb-title\">Dia de la Familia<\/span>\t\t\t\t\t\t<\/h3>\r\n\t\t\t\t\t\t<div class=\"tb-content\"><p>C\u00f3mo no hacer un reconocimiento a las personas que m\u00e1s quieren y consienten a los peque\u00f1os\u2026..PICAPIEDRA celebra con actos s\u00faper especiales y en dos fechas diferentes, estos dos acontecimientos tan importantes en la vida de los ni\u00f1os.<\/p>\n<\/div>\t\t\t\t\t<\/div>\r\n\t\t\t\t\t<\/div>\r\n\t\t\r\n    [\/vc_column_inner][vc_column_inner width=&#8221;1\/3&#8243;]\t\t<div class=\"tb-service-wrap \">\r\n\t\t\r\n\t\t\t\t\t\t\t\t<div class=\"tb-service text-center tpl2\">\r\n\t\t\t\t\t\r\n\t\t\t\t\t\t\t\t\t\t\t\t<div class=\"tb-icon\">\r\n\t\t\t\t\t\t\t<i class=\"fa fa-lemon-o\"><\/i>\r\n\t\t\t\t\t\t<\/div>\r\n\t\t\t\t\t\t\t\t\t\t\t\t<h3 class=\"tb-title\">\r\n\t\t\t\t\t\t<span class=\"tb-title\">Dia del Dulce<\/span>\t\t\t\t\t\t<\/h3>\r\n\t\t\t\t\t\t<div class=\"tb-content\"><p>Desde el primer d\u00eda del mes de octubre todos los espacios del jard\u00edn son decorados haciendo alusi\u00f3n a la gran celebraci\u00f3n del D\u00eda de los Ni\u00f1os; el \u00faltimo viernes del mes los ni\u00f1os, profesoras y directivas se disfrazan para disfrutar de un d\u00eda muy encantado.<\/p>\n<\/div>\t\t\t\t\t<\/div>\r\n\t\t\t\t\t<\/div>\r\n\t\t\r\n    [\/vc_column_inner][\/vc_row_inner][vc_row_inner][vc_column_inner width=&#8221;1\/3&#8243;]\t\t<div class=\"tb-service-wrap \">\r\n\t\t\r\n\t\t\t\t\t\t\t\t<div class=\"tb-service text-center tpl2\">\r\n\t\t\t\t\t\r\n\t\t\t\t\t\t\t\t\t\t\t\t<div class=\"tb-icon\">\r\n\t\t\t\t\t\t\t<i class=\"fa fa-graduation-cap\"><\/i>\r\n\t\t\t\t\t\t<\/div>\r\n\t\t\t\t\t\t\t\t\t\t\t\t<h3 class=\"tb-title\">\r\n\t\t\t\t\t\t<span class=\"tb-title\">La Gran Clausura y Graduaci\u00f3n<\/span>\t\t\t\t\t\t<\/h3>\r\n\t\t\t\t\t\t<div class=\"tb-content\"><p>Picapiedra siempre se ha destacado por culminar el a\u00f1o escolar presentando a todas las familias un acto s\u00faper especial, en donde se puede apreciar los avances de todos los ni\u00f1os en su expresi\u00f3n corporal y en la danza.<\/p>\n<p>En este mismo escenario, se hace la graduaci\u00f3n de los ni\u00f1os que est\u00e1n en su \u00faltimo grado que es Transici\u00f3n, en esta celebraci\u00f3n los ni\u00f1os\/as esperan con entusiasmo el regalo que el jard\u00edn les da como recuerdo<\/p>\n<\/div>\t\t\t\t\t<\/div>\r\n\t\t\t\t\t<\/div>\r\n\t\t\r\n    [\/vc_column_inner][vc_column_inner width=&#8221;1\/3&#8243;]\t\t<div class=\"tb-service-wrap \">\r\n\t\t\r\n\t\t\t\t\t\t\t\t<div class=\"tb-service text-center tpl2\">\r\n\t\t\t\t\t\r\n\t\t\t\t\t\t\t\t\t\t\t\t<div class=\"tb-icon\">\r\n\t\t\t\t\t\t\t<i class=\"fa fa-star-half-o\"><\/i>\r\n\t\t\t\t\t\t<\/div>\r\n\t\t\t\t\t\t\t\t\t\t\t\t<h3 class=\"tb-title\">\r\n\t\t\t\t\t\t<span class=\"tb-title\">La Navidad<\/span>\t\t\t\t\t\t<\/h3>\r\n\t\t\t\t\t\t<div class=\"tb-content\"><p>A partir de la primera semana del mes de noviembre, Picapiedra se viste de navidad y entre novenas, villancicos y la llegada de Pap\u00e1 Noel con regalos y muchas cosas m\u00e1s, nos adelantamos a la tan esperada fecha de navidad<\/p>\n<\/div>\t\t\t\t\t<\/div>\r\n\t\t\t\t\t<\/div>\r\n\t\t\r\n    [\/vc_column_inner][vc_column_inner width=&#8221;1\/3&#8243;][\/vc_column_inner][\/vc_row_inner][\/vc_column][\/vc_row]<\/p>\n<\/div>","protected":false},"excerpt":{"rendered":"<p>[vc_row][vc_column][vc_empty_space height=&#8221;100px&#8221;][\/vc_column][\/vc_row][vc_row][vc_column offset=&#8221;vc_col-lg-7 vc_col-md-7&#8243;][\/vc_column][vc_column offset=&#8221;vc_col-lg-5 vc_col-md-5&#8243;][vc_single_image image=&#8221;4414&#8243; img_size=&#8221;full&#8221; alignment=&#8221;center&#8221; css_animation=&#8221;fadeInRight&#8221;][\/vc_column][\/vc_row][vc_row css=&#8221;.vc_custom_1564170163603{margin-top: 60px !important;}&#8221;][vc_column offset=&#8221;vc_col-lg-7 vc_col-md-7&#8243;][\/vc_column][vc_column offset=&#8221;vc_col-lg-5 vc_col-md-5&#8243;][vc_single_image image=&#8221;4506&#8243; img_size=&#8221;full&#8221; alignment=&#8221;center&#8221; css_animation=&#8221;fadeInRight&#8221;][\/vc_column][\/vc_row][vc_row][vc_column][vc_empty_space height=&#8221;100px&#8221;][vc_column_text] Actividades Picapiedra [\/vc_column_text][vc_tta_tour style=&#8221;modern&#8221; color=&#8221;peacoc&#8221; gap=&#8221;1&#8243; active_section=&#8221;1&#8243; no_fill_content_area=&#8221;true&#8221;][vc_tta_section title=&#8221;Gobierno Escolar&#8221; tab_id=&#8221;1559076197456-bdb64f4f-c502&#8243;][vc_column_text]El d\u00eda de la elecci\u00f3n los ni\u00f1os y ni\u00f1as del jard\u00edn viven una ma\u00f1ana democr\u00e1tica en donde libremente votan por los candidatos que [&hellip;]<\/p>\n","protected":false},"author":1,"featured_media":0,"parent":0,"menu_order":0,"comment_status":"closed","ping_status":"closed","template":"","meta":{"footnotes":""},"class_list":["post-4884","page","type-page","status-publish","hentry"],"_links":{"self":[{"href":"https:\/\/jardinlospicapiedra.edu.co\/web\/wp-json\/wp\/v2\/pages\/4884","targetHints":{"allow":["GET"]}}],"collection":[{"href":"https:\/\/jardinlospicapiedra.edu.co\/web\/wp-json\/wp\/v2\/pages"}],"about":[{"href":"https:\/\/jardinlospicapiedra.edu.co\/web\/wp-json\/wp\/v2\/types\/page"}],"author":[{"embeddable":true,"href":"https:\/\/jardinlospicapiedra.edu.co\/web\/wp-json\/wp\/v2\/users\/1"}],"replies":[{"embeddable":true,"href":"https:\/\/jardinlospicapiedra.edu.co\/web\/wp-json\/wp\/v2\/comments?post=4884"}],"version-history":[{"count":15,"href":"https:\/\/jardinlospicapiedra.edu.co\/web\/wp-json\/wp\/v2\/pages\/4884\/revisions"}],"predecessor-version":[{"id":5158,"href":"https:\/\/jardinlospicapiedra.edu.co\/web\/wp-json\/wp\/v2\/pages\/4884\/revisions\/5158"}],"wp:attachment":[{"href":"https:\/\/jardinlospicapiedra.edu.co\/web\/wp-json\/wp\/v2\/media?parent=4884"}],"curies":[{"name":"wp","href":"https:\/\/api.w.org\/{rel}","templated":true}]}}