{"id":1420,"date":"2016-02-15T09:10:58","date_gmt":"2016-02-15T09:10:58","guid":{"rendered":"http:\/\/cayto.jwsuperthemes.com\/?page_id=1420"},"modified":"2023-08-09T15:43:34","modified_gmt":"2023-08-09T20:43:34","slug":"nosotros","status":"publish","type":"page","link":"https:\/\/jardinlospicapiedra.edu.co\/web\/nosotros\/","title":{"rendered":"Nosotros"},"content":{"rendered":"<div class=\"wpb-content-wrapper\"><p>[vc_row css=&#8221;.vc_custom_1461746720321{padding-top: 70px !important;padding-bottom: 55px !important;background-color: #ffffff !important;}&#8221; el_class=&#8221;jws-about&#8221;][vc_column width=&#8221;1\/2&#8243;][vc_column_text el_class=&#8221;jws-about-content&#8221;]<\/p>\n<h3>Jard\u00edn Infantil Maternal Los Picapiedra<\/h3>\n<h1>Qui\u00e9nes Somos<\/h1>\n<div>\n<p>Nuestro Jard\u00edn PICAPIEDRA\u00a0 se fund\u00f3 en el a\u00f1o 1995, desde entonces nos dimos a la tarea de brindar la mejor educaci\u00f3n para la primera infancia a \u00a0ni\u00f1os de familias Cucute\u00f1as, quienes hoy son nuestra mejor certificaci\u00f3n de la calidad de los servicios educativos, posicionando a Picapiedra como una de las \u00a0mejores Instituciones Preescolares de la ciudad.<\/p>\n<p>Nuestro compromiso es la formaci\u00f3n integral de ciudadanos competentes, protagonistas de su existencia, con valores sociales, \u00e9ticos, intelectuales, tolerantes y de convivencia humana que satisfaga las necesidades y expectativas de los educandos, permiti\u00e9ndoles una mejor calidad de vida a trav\u00e9s de aprendizajes significativos y l\u00fadicos.<\/p>\n<p>Los\u00a0 invitamos a formar parte de la Gran Familia <em>PICAPIEDRA<\/em> \u00a0porque sabemos que todo lo que hacemos siempre es con amor y \u00a0porque ese ser\u00e1 el ingrediente m\u00e1s importante de nuestra instituci\u00f3n, as\u00ed como el de brindar a nuestros ni\u00f1os y ni\u00f1as un ambiente c\u00e1lido, seguro y alegre, con espacios generadores de progreso en su desarrollo emocional, mental, social y de sus potencialidades f\u00edsicas, para que luego puedan asumir \u00a0los retos en\u00a0 la educaci\u00f3n B\u00e1sica y\u00a0 con un desarrollo integral de sus dimensiones, que le permitan formar su propia identidad.<\/p>\n<p>Contamos con un equipo interdisciplinario preparado para responder de manera adecuada a las necesidades de cada ni\u00f1o y las de su familia.<\/p><\/div>\n<p>[\/vc_column_text][\/vc_column][vc_column width=&#8221;1\/2&#8243;][vc_column_text]<\/p>\n<div class=\"parallax-container\">\n<div class=\"parallax parallax1\"><img decoding=\"async\" src=\"https:\/\/jardinlospicapiedra.edu.co\/web\/wp-content\/uploads\/2016\/04\/banner-about.jpg\" alt=\"\" \/><\/div>\n<\/div>\n<p>[\/vc_column_text][\/vc_column][\/vc_row][vc_row][vc_column width=&#8221;1\/3&#8243;]\t\t\t<div class=\"jws-title\">\n                <h1 class=\"    jws-title-underline jws-title-underline-1\" style=\"color: #000000\">\n                    Misi\u00f3n                <\/h1>\n\t\t\t\t<div class=\"icon-color icon-colorffca00 \"><i class=\"fa fa-graduation-cap\" style=\"color:#ffca00\"><\/i><\/div>\n\t\t\t\t\t\t\t<\/div>\n\t\t\t<style>.icon-colorffca00:before,.icon-colorffca00:after{border-color:#ffca00!important;}<\/style>[vc_column_text]<span data-contrast=\"auto\">Somos una Instituci\u00f3n Educativa privada compr<\/span><span data-contrast=\"auto\">ometida en brindar servicios a los grados Maternal y P<\/span><span data-contrast=\"auto\">reescolar en nuestra comunidad.<\/span><i><span data-contrast=\"auto\">\u00a0<\/span><\/i><span data-ccp-props=\"{&quot;201341983&quot;:0,&quot;335551550&quot;:6,&quot;335551620&quot;:6,&quot;335559739&quot;:200,&quot;335559740&quot;:240}\">\u00a0<\/span><\/p>\n<p><span data-contrast=\"auto\">Buscamos la excelencia en los ni\u00f1os y ni\u00f1as desarrollando las capacidades y habilidades,\u00a0<\/span><span data-contrast=\"auto\">mediante procesos formativos de neuro<\/span><span data-contrast=\"auto\">&#8211;<\/span><span data-contrast=\"auto\">aprendizaje, cultivando la formaci\u00f3n de valores para ser personas felices, creativas, aut\u00f3nomas, independientes, seguras, competentes\u00a0<\/span><span data-ccp-props=\"{&quot;201341983&quot;:0,&quot;335551550&quot;:6,&quot;335551620&quot;:6,&quot;335559739&quot;:200,&quot;335559740&quot;:240}\">\u00a0<\/span>[\/vc_column_text][\/vc_column][vc_column width=&#8221;1\/3&#8243;]\t\t\t<div class=\"jws-title\">\n                <h1 class=\"    jws-title-underline jws-title-underline-1\" style=\"color: #000000\">\n                    Visi\u00f3n                <\/h1>\n\t\t\t\t<div class=\"icon-color icon-colorffca00 \"><i class=\"fa fa-graduation-cap\" style=\"color:#ffca00\"><\/i><\/div>\n\t\t\t\t\t\t\t<\/div>\n\t\t\t<style>.icon-colorffca00:before,.icon-colorffca00:after{border-color:#ffca00!important;}<\/style>[vc_column_text]<span class=\"TextRun SCXW208235116 BCX0\" lang=\"ES-CO\" xml:lang=\"ES-CO\" data-contrast=\"auto\"><span class=\"NormalTextRun SCXW208235116 BCX0\">El jard\u00edn infantil los Picapiedra\u00a0 continuar\u00e1\u00a0 apropi\u00e1ndose de los\u00a0 cambios innovadores del entorno\u00a0 basado en valores\u00a0 con un prop\u00f3sito fundamental\u00a0 de\u00a0 ser la instituci\u00f3n l\u00edder en nuestra comunidad educativa, promoviendo\u00a0 ni\u00f1os y ni\u00f1as en orientaciones educa<\/span><\/span><span class=\"TextRun SCXW208235116 BCX0\" lang=\"ES-CO\" xml:lang=\"ES-CO\" data-contrast=\"auto\"><span class=\"NormalTextRun SCXW208235116 BCX0\">tivas para la primera infancia y\u00a0<\/span><\/span><span class=\"TextRun SCXW208235116 BCX0\" lang=\"ES-CO\" xml:lang=\"ES-CO\" data-contrast=\"auto\"><span class=\"NormalTextRun SCXW208235116 BCX0\">\u00a0competentes\u00a0 en\u00a0 la educaci\u00f3n B\u00e1sica y\u00a0 con un desarrollo integral de sus dimensiones, que le permitan formar su propia identidad<\/span><\/span><span class=\"TextRun SCXW208235116 BCX0\" lang=\"ES-CO\" xml:lang=\"ES-CO\" data-contrast=\"auto\"><span class=\"NormalTextRun SCXW208235116 BCX0\">.<\/span><\/span><span class=\"EOP SCXW208235116 BCX0\" data-ccp-props=\"{&quot;201341983&quot;:0,&quot;335551550&quot;:6,&quot;335551620&quot;:6,&quot;335559739&quot;:200,&quot;335559740&quot;:240}\">\u00a0<\/span>[\/vc_column_text][\/vc_column][vc_column width=&#8221;1\/3&#8243;]\t\t\t<div class=\"jws-title\">\n                <h1 class=\"    jws-title-underline jws-title-underline-1\" style=\"color: #000000\">\n                    Filosof\u00eda                <\/h1>\n\t\t\t\t<div class=\"icon-color icon-colorffca00 \"><i class=\"fa fa-graduation-cap\" style=\"color:#ffca00\"><\/i><\/div>\n\t\t\t\t\t\t\t<\/div>\n\t\t\t<style>.icon-colorffca00:before,.icon-colorffca00:after{border-color:#ffca00!important;}<\/style>[vc_column_text]<span data-contrast=\"auto\">El Jard\u00edn Infantil \u201cLos Picapiedra\u201d fue creado con el fin de desarrollar y estimular la formaci\u00f3n integral de los ni\u00f1os de uno\u00a0 a cinco a\u00f1os por medio de actividades pedag\u00f3gicas y del juego, adapt\u00e1ndose al nivel f\u00edsico, cultural y social de los ni\u00f1os de nuestra comunidad en relaci\u00f3n con los dem\u00e1s, consigo mismo y con su entorno.<\/span><span data-ccp-props=\"{&quot;201341983&quot;:0,&quot;335551550&quot;:6,&quot;335551620&quot;:6,&quot;335559739&quot;:200,&quot;335559740&quot;:276}\">\u00a0<\/span><\/p>\n<p><span data-contrast=\"auto\">El amor, el respeto,\u00a0 la paz, la responsabilidad, la amistad\u00a0 y la\u00a0 solidaridad,\u00a0 son\u00a0 importantes en la formaci\u00f3n para que tomen conciencia de su valor, como persona, como ser social aut\u00f3nomo, trascendente y\u00a0 promotor de cambios significativos en la calidad humana.<\/span><span data-ccp-props=\"{&quot;201341983&quot;:0,&quot;335551550&quot;:6,&quot;335551620&quot;:6,&quot;335559739&quot;:200,&quot;335559740&quot;:240}\">\u00a0<\/span>[\/vc_column_text][\/vc_column][\/vc_row][vc_row css=&#8221;.vc_custom_1559166508230{padding-top: 15px !important;background-image: url(https:\/\/jardinlospicapiedra.edu.co\/web\/wp-content\/uploads\/2019\/02\/may.jpg?id=4674) !important;background-position: center !important;background-repeat: no-repeat !important;background-size: cover !important;}&#8221;][vc_column][vc_empty_space height=&#8221;42px&#8221;]\t\t\t<div class=\"jws-title\">\n                <h1 class=\"    jws-title-underline jws-title-underline-1\" style=\"color: #000000\">\n                    S\u00edmbolos Institucionales                <\/h1>\n\t\t\t\t<div class=\"icon-color icon-colorffca00 \"><i class=\"fa fa-graduation-cap\" style=\"color:#ffca00\"><\/i><\/div>\n\t\t\t\t<div class=\"tb-content\"><p><em>Ofrecemos educaci\u00f3n con calidad en los grados<\/em><\/p>\n<\/div>\t\t\t<\/div>\n\t\t\t<style>.icon-colorffca00:before,.icon-colorffca00:after{border-color:#ffca00!important;}<\/style>[vc_empty_space][\/vc_column][vc_column width=&#8221;1\/6&#8243; offset=&#8221;vc_col-lg-4 vc_col-md-4&#8243;][vc_single_image image=&#8221;4414&#8243; img_size=&#8221;full&#8221;][\/vc_column][vc_column width=&#8221;1\/6&#8243; offset=&#8221;vc_col-lg-8 vc_col-md-8&#8243;][vc_row_inner][vc_column_inner][vc_column_text]<\/p>\n<h2 style=\"text-align: center;\"><em><strong>Himno al Jard\u00edn Picapiedra<\/strong><\/em><\/h2>\n<p>[\/vc_column_text][\/vc_column_inner][\/vc_row_inner][vc_row_inner][vc_column_inner width=&#8221;1\/2&#8243;][vc_column_text]<\/p>\n<p style=\"text-align: center;\"><em><strong>I<\/strong><\/em><\/p>\n<p style=\"text-align: center;\">VAMOS AL JARD\u00cdN<br \/>\nVAMOS A ESTUDIAR<br \/>\nPORQUE PICAPIEDRA<br \/>\nES FELICIDAD.<\/p>\n<p>&nbsp;<\/p>\n<p style=\"text-align: center;\"><em><strong>II<\/strong><\/em><\/p>\n<p style=\"text-align: center;\">EL NI\u00d1O Y LA NI\u00d1A<br \/>\nAPRENDEN JUGANDO<br \/>\nY POCO A POQUITO<br \/>\nLO ESTAMOS LOGRANDO[\/vc_column_text][\/vc_column_inner][vc_column_inner width=&#8221;1\/2&#8243;][vc_column_text]<\/p>\n<p style=\"text-align: center;\"><em><strong>III<\/strong><\/em><\/p>\n<p style=\"text-align: center;\">ESTE ES MI LUGAR<br \/>\nESTE ES NUESTRO HOGAR<br \/>\nY TODAS LAS PROFES<br \/>\nME VAN A ENSE\u00d1AR<\/p>\n<p>&nbsp;<\/p>\n<p style=\"text-align: center;\"><em><strong>IV<\/strong><\/em><\/p>\n<p style=\"text-align: center;\">VAMOS AL JARD\u00cdN<br \/>\nVAMOS A COMPARTIR<br \/>\nCON MIS AMIGUITOS<br \/>\nVIVO MUY FELIZ.[\/vc_column_text][\/vc_column_inner][\/vc_row_inner][\/vc_column][vc_column][vc_empty_space height=&#8221;50px&#8221;][vc_row_inner][vc_column_inner width=&#8221;1\/3&#8243;][vc_column_text]<\/p>\n<h2 style=\"text-align: center;\"><strong>Bandera<\/strong><\/h2>\n<p>[\/vc_column_text][vc_single_image image=&#8221;4747&#8243; img_size=&#8221;medium&#8221; alignment=&#8221;center&#8221;][\/vc_column_inner][vc_column_inner width=&#8221;1\/3&#8243;][vc_column_text]<\/p>\n<h2 style=\"text-align: center;\"><strong>Escudo<\/strong><\/h2>\n<p>[\/vc_column_text][vc_single_image image=&#8221;4705&#8243; img_size=&#8221;medium&#8221; alignment=&#8221;center&#8221;][\/vc_column_inner][vc_column_inner width=&#8221;1\/3&#8243;][vc_column_text]<\/p>\n<h2 style=\"text-align: center;\"><strong>Mascota<\/strong><\/h2>\n<p>[\/vc_column_text][vc_single_image image=&#8221;4703&#8243; img_size=&#8221;medium&#8221; alignment=&#8221;center&#8221;][\/vc_column_inner][\/vc_row_inner][\/vc_column][\/vc_row][vc_row css=&#8221;.vc_custom_1559251637006{margin-top: 50px !important;margin-bottom: 35px !important;}&#8221;][vc_column]\t\t\t<div class=\"jws-title\">\n                <h1 class=\"    jws-title-underline jws-title-underline-1\" style=\"color: #000000\">\n                    Conoce los Talentos que Tiene Tu Hijo?                <\/h1>\n\t\t\t\t<div class=\"icon-color icon-colorffca00 \"><i class=\"fa fa-graduation-cap\" style=\"color:#ffca00\"><\/i><\/div>\n\t\t\t\t<div class=\"tb-content\"><p>En el Jard\u00edn Picapiedra, identificamos a una edad temprana los talentos excepcionales y perfiles de tus hijos a trav\u00e9s de la exploraci\u00f3n, del juego, de la interacci\u00f3n con otros ni\u00f1os y de actividades cuidadosamente dise\u00f1adas en:<\/p>\n<\/div>\t\t\t<\/div>\n\t\t\t<style>.icon-colorffca00:before,.icon-colorffca00:after{border-color:#ffca00!important;}<\/style>[\/vc_column][\/vc_row][vc_row css=&#8221;.vc_custom_1559251461480{background-color: #f2f2f2 !important;}&#8221;][vc_column][vc_empty_space height=&#8221;60px&#8221;]\t\t\t<div class=\"jws-title\">\n                <h1 class=\"    jws-title-underline jws-title-underline-1\" style=\"color: #000000\">\n                    Nuestros Uniformes                <\/h1>\n\t\t\t\t<div class=\"icon-color icon-colorffca00 \"><i class=\"fa fa-graduation-cap\" style=\"color:#ffca00\"><\/i><\/div>\n\t\t\t\t\t\t\t<\/div>\n\t\t\t<style>.icon-colorffca00:before,.icon-colorffca00:after{border-color:#ffca00!important;}<\/style>[vc_empty_space][vc_row_inner][vc_column_inner width=&#8221;1\/2&#8243;][vc_column_text]<span class=\"TextRun SCXW39224184 BCX0\" lang=\"ES-ES\" xml:lang=\"ES-ES\" data-contrast=\"auto\"><span class=\"NormalTextRun SCXW39224184 BCX0\">Nuestro jard\u00edn hace \u00e9nfasis en el porte digno del uniforme como elemento formador y organizador dentro de la instituci\u00f3n. Cada ni\u00f1o y ni\u00f1a debe procurar vestirlo bien, limpio, con esmero y orgullo, pues \u00e9l nos identifica dentro y fuera de la instituci\u00f3n.<\/span><\/span><span class=\"EOP SCXW39224184 BCX0\" data-ccp-props=\"{&quot;201341983&quot;:0,&quot;335551550&quot;:6,&quot;335551620&quot;:6,&quot;335559739&quot;:200,&quot;335559740&quot;:240}\">\u00a0<\/span>[\/vc_column_text][\/vc_column_inner][vc_column_inner width=&#8221;1\/2&#8243;][vc_column_text]<\/p>\n<ul>\n<li>Lunes, Mi\u00e9rcoles y Viernes se usa el uniforme de Deportes<\/li>\n<li><span data-ccp-props=\"{&quot;201341983&quot;:0,&quot;335559739&quot;:200,&quot;335559740&quot;:360}\">\u00a0Lunes Camibuso y Sudadera, Mi\u00e9rcoles Camibuzo y Short<\/span><\/li>\n<li>Viernes Camibuzo y Sudadera<\/li>\n<li><span data-contrast=\"auto\">Martes y Jueves, Uniforme de Diario<\/span><\/li>\n<li><span data-contrast=\"auto\">MARTES Y JUEVES, UNIFORME DE DIARIO<\/span><span data-ccp-props=\"{&quot;201341983&quot;:0,&quot;335551550&quot;:6,&quot;335551620&quot;:6,&quot;335559739&quot;:200,&quot;335559740&quot;:360}\">\u00a0<\/span><\/li>\n<\/ul>\n<p>[\/vc_column_text][\/vc_column_inner][\/vc_row_inner][\/vc_column][\/vc_row][vc_row][vc_column][vc_empty_space]\t\t\t<div class=\"jws-title\">\n                <h1 class=\"    jws-title-underline jws-title-underline-1\" style=\"color: #000000\">\n                    Nuestros Horarios                <\/h1>\n\t\t\t\t<div class=\"icon-color icon-colorffca00 \"><i class=\"fa fa-graduation-cap\" style=\"color:#ffca00\"><\/i><\/div>\n\t\t\t\t\t\t\t<\/div>\n\t\t\t<style>.icon-colorffca00:before,.icon-colorffca00:after{border-color:#ffca00!important;}<\/style>[vc_empty_space][vc_column_text]<span data-contrast=\"none\">Para lo<\/span><span data-contrast=\"none\">s niveles de Maternal:<\/span><span data-contrast=\"none\">\u00a0Caminadores y P\u00e1rvulos la jornada escolar es de lunes<\/span><span data-contrast=\"none\">\u00a0a viernes en el horario de 7:30<\/span><span data-contrast=\"none\">\u00a0a.m. a 12:00 m para la jornada de la ma\u00f1ana, y de 1:30\u00a0<\/span><span data-contrast=\"none\">p.m<\/span><span data-contrast=\"none\">\u00a0a 5:45\u00a0<\/span><span data-contrast=\"none\">p.m<\/span><span data-contrast=\"none\">\u00a0para la jornada de la tarde.<\/span><span data-ccp-props=\"{&quot;201341983&quot;:2,&quot;335551550&quot;:6,&quot;335551620&quot;:6,&quot;335559738&quot;:150,&quot;335559739&quot;:225,&quot;335559740&quot;:330}\">\u00a0<\/span><\/p>\n<p><span data-contrast=\"none\">Para los niveles de Pre-jard\u00edn, Jard\u00edn y Transici\u00f3n la jornada escolar es de lunes<\/span><span data-contrast=\"none\">\u00a0a viernes en el horario de 7:30\u00a0<\/span><span data-contrast=\"none\">a.m<\/span><span data-contrast=\"none\">\u00a0a 12:0<\/span><span data-contrast=\"none\">0 p.m.\u00a0<\/span><span data-ccp-props=\"{&quot;201341983&quot;:2,&quot;335551550&quot;:6,&quot;335551620&quot;:6,&quot;335559738&quot;:150,&quot;335559739&quot;:225,&quot;335559740&quot;:330}\">\u00a0<\/span>[\/vc_column_text][\/vc_column][\/vc_row][vc_row css=&#8221;.vc_custom_1559251575582{margin-top: 72px !important;margin-bottom: 35px !important;padding-top: 50px !important;padding-bottom: 50px !important;background-color: #d6edf3 !important;}&#8221;][vc_column]\t\t\t<div class=\"jws-title\">\n                <h1 class=\"    jws-title-underline jws-title-underline-1\" style=\"color: #000000\">\n                    Nuestros Administrativos                <\/h1>\n\t\t\t\t<div class=\"icon-color icon-colorffca00 \"><i class=\"fa fa-graduation-cap\" style=\"color:#ffca00\"><\/i><\/div>\n\t\t\t\t<div class=\"tb-content\"><p>En el Jard\u00edn Picapiedra, identificamos a una edad temprana los talentos excepcionales y perfiles de tus hijos a trav\u00e9s de la exploraci\u00f3n, del juego, de la interacci\u00f3n con otros ni\u00f1os y de actividades cuidadosamente dise\u00f1adas en:<\/p>\n<\/div>\t\t\t<\/div>\n\t\t\t<style>.icon-colorffca00:before,.icon-colorffca00:after{border-color:#ffca00!important;}<\/style>[vc_empty_space height=&#8221;42px&#8221;]    <div class=\"tb-blog teacher tb-teacher-carousel1  tpl2  \" style=\"\">\r\n\t\t<div class=\"teacher_item teacher_item_active\"><article id=\"post-4826\" class=\"post-4826 teacher type-teacher status-publish format-standard has-post-thumbnail hentry teacher_category-administrativo\">\r\n\r\n     <div class=\"tb-teacher-image-inner\">\t\t\r\n        <div class=\"tb-teacher-image\">\r\n            <img loading=\"lazy\" decoding=\"async\" width=\"262\" height=\"350\" src=\"https:\/\/jardinlospicapiedra.edu.co\/web\/wp-content\/uploads\/2019\/05\/SONIA-MENDEZ-MU\u2022OZ.jpg\" class=\"attachment-post-thumbnail size-post-thumbnail wp-post-image\" alt=\"\" srcset=\"https:\/\/jardinlospicapiedra.edu.co\/web\/wp-content\/uploads\/2019\/05\/SONIA-MENDEZ-MU\u2022OZ.jpg 262w, https:\/\/jardinlospicapiedra.edu.co\/web\/wp-content\/uploads\/2019\/05\/SONIA-MENDEZ-MU\u2022OZ-155x207.jpg 155w\" sizes=\"auto, (max-width: 262px) 100vw, 262px\" \/>        <\/div>\r\n     <\/div>\t<div class=\"tb-teacher-content\">\r\n\t\t<div class=\"tb-teacher-content-inner\">\r\n\t\t\r\n\t\t\t\t\t<a href=\"https:\/\/jardinlospicapiedra.edu.co\/web\/teacher\/sonia-mendez\/\"><h4 class=\"tb-title\">Sonia Mendez<\/h4><\/a>\r\n\t\t\t\t\r\n\t\t\t\t\t\t\t<div class=\"tb-content\">\r\n\t\t\t\tDirectora\t\t\t<\/div>\r\n\t\t\t\t\t\t\t<\/div>\r\n\t<\/div>\r\n<\/article>\r\n<\/div><div class=\"teacher_item \"><article id=\"post-5444\" class=\"post-5444 teacher type-teacher status-publish format-standard has-post-thumbnail hentry teacher_category-administrativo\">\r\n\r\n     <div class=\"tb-teacher-image-inner\">\t\t\r\n        <div class=\"tb-teacher-image\">\r\n            <img loading=\"lazy\" decoding=\"async\" width=\"191\" height=\"247\" src=\"https:\/\/jardinlospicapiedra.edu.co\/web\/wp-content\/uploads\/2023\/08\/DIANA-1.jpg\" class=\"attachment-post-thumbnail size-post-thumbnail wp-post-image\" alt=\"\" srcset=\"https:\/\/jardinlospicapiedra.edu.co\/web\/wp-content\/uploads\/2023\/08\/DIANA-1.jpg 191w, https:\/\/jardinlospicapiedra.edu.co\/web\/wp-content\/uploads\/2023\/08\/DIANA-1-160x207.jpg 160w\" sizes=\"auto, (max-width: 191px) 100vw, 191px\" \/>        <\/div>\r\n     <\/div>\t<div class=\"tb-teacher-content\">\r\n\t\t<div class=\"tb-teacher-content-inner\">\r\n\t\t\r\n\t\t\t\t\t<a href=\"https:\/\/jardinlospicapiedra.edu.co\/web\/teacher\/diana-perez-centeno\/\"><h4 class=\"tb-title\">Diana P\u00e9rez Centeno<\/h4><\/a>\r\n\t\t\t\t\r\n\t\t\t\t\t\t\t<div class=\"tb-content\">\r\n\t\t\t\tSecretaria Administrativa\t\t\t<\/div>\r\n\t\t\t\t\t\t\t<\/div>\r\n\t<\/div>\r\n<\/article>\r\n<\/div>\t<!--div style=\"clear: both;\"><\/div-->\r\n        \t\t    <\/div>\r\n        \r\n    [\/vc_column][\/vc_row]<\/p>\n<\/div>","protected":false},"excerpt":{"rendered":"<p>[vc_row css=&#8221;.vc_custom_1461746720321{padding-top: 70px !important;padding-bottom: 55px !important;background-color: #ffffff !important;}&#8221; el_class=&#8221;jws-about&#8221;][vc_column width=&#8221;1\/2&#8243;][vc_column_text el_class=&#8221;jws-about-content&#8221;] Jard\u00edn Infantil Maternal Los Picapiedra Qui\u00e9nes Somos Nuestro Jard\u00edn PICAPIEDRA\u00a0 se fund\u00f3 en el a\u00f1o 1995, desde entonces nos dimos a la tarea de brindar la mejor educaci\u00f3n para la primera infancia a \u00a0ni\u00f1os de familias Cucute\u00f1as, quienes hoy son nuestra mejor certificaci\u00f3n de [&hellip;]<\/p>\n","protected":false},"author":1,"featured_media":0,"parent":0,"menu_order":0,"comment_status":"closed","ping_status":"closed","template":"","meta":{"footnotes":""},"class_list":["post-1420","page","type-page","status-publish","hentry"],"_links":{"self":[{"href":"https:\/\/jardinlospicapiedra.edu.co\/web\/wp-json\/wp\/v2\/pages\/1420","targetHints":{"allow":["GET"]}}],"collection":[{"href":"https:\/\/jardinlospicapiedra.edu.co\/web\/wp-json\/wp\/v2\/pages"}],"about":[{"href":"https:\/\/jardinlospicapiedra.edu.co\/web\/wp-json\/wp\/v2\/types\/page"}],"author":[{"embeddable":true,"href":"https:\/\/jardinlospicapiedra.edu.co\/web\/wp-json\/wp\/v2\/users\/1"}],"replies":[{"embeddable":true,"href":"https:\/\/jardinlospicapiedra.edu.co\/web\/wp-json\/wp\/v2\/comments?post=1420"}],"version-history":[{"count":91,"href":"https:\/\/jardinlospicapiedra.edu.co\/web\/wp-json\/wp\/v2\/pages\/1420\/revisions"}],"predecessor-version":[{"id":5452,"href":"https:\/\/jardinlospicapiedra.edu.co\/web\/wp-json\/wp\/v2\/pages\/1420\/revisions\/5452"}],"wp:attachment":[{"href":"https:\/\/jardinlospicapiedra.edu.co\/web\/wp-json\/wp\/v2\/media?parent=1420"}],"curies":[{"name":"wp","href":"https:\/\/api.w.org\/{rel}","templated":true}]}}